{"id":5,"date":"2025-08-29T16:25:28","date_gmt":"2025-08-29T16:25:28","guid":{"rendered":"https:\/\/renovacaoetrabalho.com.br\/?page_id=5"},"modified":"2025-09-16T14:45:35","modified_gmt":"2025-09-16T14:45:35","slug":"home","status":"publish","type":"page","link":"https:\/\/renovacaoetrabalho.com.br\/","title":{"rendered":"Home"},"content":{"rendered":"\t\t<div data-elementor-type=\"wp-page\" data-elementor-id=\"5\" class=\"elementor elementor-5\" data-elementor-post-type=\"page\">\n\t\t\t\t<div class=\"elementor-element elementor-element-f9e9a92 e-con-full elementor-hidden-tablet elementor-hidden-mobile e-flex e-con e-parent\" data-id=\"f9e9a92\" data-element_type=\"container\" data-settings=\"{&quot;background_background&quot;:&quot;classic&quot;}\">\n\t\t<div class=\"elementor-element elementor-element-87eadf8 e-con-full elementor-hidden-tablet elementor-hidden-mobile e-flex e-con e-child\" data-id=\"87eadf8\" data-element_type=\"container\" data-settings=\"{&quot;background_background&quot;:&quot;classic&quot;}\">\n\t\t\t\t<div class=\"elementor-element elementor-element-822a157 bt-menu elementor-widget elementor-widget-button\" data-id=\"822a157\" data-element_type=\"widget\" data-widget_type=\"button.default\">\n\t\t\t\t\t\t\t\t\t\t<a class=\"elementor-button elementor-button-link elementor-size-sm elementor-animation-grow\" href=\"#conhe\u00e7a\">\n\t\t\t\t\t\t<span class=\"elementor-button-content-wrapper\">\n\t\t\t\t\t\t\t\t\t<span class=\"elementor-button-text\">CONHE\u00c7A NOSSA CHAPA<\/span>\n\t\t\t\t\t<\/span>\n\t\t\t\t\t<\/a>\n\t\t\t\t\t\t\t\t<\/div>\n\t\t\t\t<div class=\"elementor-element elementor-element-0bbd041 bt-menu elementor-widget elementor-widget-button\" data-id=\"0bbd041\" data-element_type=\"widget\" data-widget_type=\"button.default\">\n\t\t\t\t\t\t\t\t\t\t<a class=\"elementor-button elementor-button-link elementor-size-sm elementor-animation-grow\" href=\"#propostas\">\n\t\t\t\t\t\t<span class=\"elementor-button-content-wrapper\">\n\t\t\t\t\t\t\t\t\t<span class=\"elementor-button-text\">NOSSAS PROPOSTAS<\/span>\n\t\t\t\t\t<\/span>\n\t\t\t\t\t<\/a>\n\t\t\t\t\t\t\t\t<\/div>\n\t\t\t\t<div class=\"elementor-element elementor-element-152b5d3 bt-menu elementor-widget elementor-widget-button\" data-id=\"152b5d3\" data-element_type=\"widget\" data-widget_type=\"button.default\">\n\t\t\t\t\t\t\t\t\t\t<a class=\"elementor-button elementor-button-link elementor-size-sm elementor-animation-grow\" href=\"https:\/\/chat.whatsapp.com\/HOJ2tlEolw44e9JvrLCtgO\">\n\t\t\t\t\t\t<span class=\"elementor-button-content-wrapper\">\n\t\t\t\t\t\t\t\t\t<span class=\"elementor-button-text\">SER UM APOIADOR<\/span>\n\t\t\t\t\t<\/span>\n\t\t\t\t\t<\/a>\n\t\t\t\t\t\t\t\t<\/div>\n\t\t\t\t<\/div>\n\t\t\t\t<\/div>\n\t\t<div class=\"elementor-element elementor-element-bb0c316 e-con-full e-flex e-con e-parent\" data-id=\"bb0c316\" data-element_type=\"container\">\n\t\t<div class=\"elementor-element elementor-element-9ad443e e-con-full e-flex e-con e-child\" data-id=\"9ad443e\" data-element_type=\"container\">\n\t\t\t\t<div class=\"elementor-element elementor-element-af9e656 elementor-widget elementor-widget-image\" data-id=\"af9e656\" data-element_type=\"widget\" data-widget_type=\"image.default\">\n\t\t\t\t\t\t\t\t\t\t\t\t\t\t\t<img fetchpriority=\"high\" decoding=\"async\" width=\"800\" height=\"301\" src=\"https:\/\/renovacaoetrabalho.com.br\/wp-content\/uploads\/2025\/09\/Capa-oficial_Prancheta-1-1024x385.png\" class=\"attachment-large size-large wp-image-44\" alt=\"\" srcset=\"https:\/\/renovacaoetrabalho.com.br\/wp-content\/uploads\/2025\/09\/Capa-oficial_Prancheta-1-1024x385.png 1024w, https:\/\/renovacaoetrabalho.com.br\/wp-content\/uploads\/2025\/09\/Capa-oficial_Prancheta-1-300x113.png 300w, https:\/\/renovacaoetrabalho.com.br\/wp-content\/uploads\/2025\/09\/Capa-oficial_Prancheta-1-768x288.png 768w, https:\/\/renovacaoetrabalho.com.br\/wp-content\/uploads\/2025\/09\/Capa-oficial_Prancheta-1-1536x577.png 1536w, https:\/\/renovacaoetrabalho.com.br\/wp-content\/uploads\/2025\/09\/Capa-oficial_Prancheta-1-2048x769.png 2048w\" sizes=\"(max-width: 800px) 100vw, 800px\" \/>\t\t\t\t\t\t\t\t\t\t\t\t\t\t\t<\/div>\n\t\t\t\t<div class=\"elementor-element elementor-element-3343008 elementor-align-center elementor-widget elementor-widget-button\" data-id=\"3343008\" data-element_type=\"widget\" data-widget_type=\"button.default\">\n\t\t\t\t\t\t\t\t\t\t<a class=\"elementor-button elementor-button-link elementor-size-sm elementor-animation-grow\" href=\"https:\/\/chat.whatsapp.com\/HOJ2tlEolw44e9JvrLCtgO\" target=\"_blank\">\n\t\t\t\t\t\t<span class=\"elementor-button-content-wrapper\">\n\t\t\t\t\t\t<span class=\"elementor-button-icon\">\n\t\t\t\t<svg aria-hidden=\"true\" class=\"e-font-icon-svg e-fas-arrow-alt-circle-right\" viewBox=\"0 0 512 512\" xmlns=\"http:\/\/www.w3.org\/2000\/svg\"><path d=\"M256 8c137 0 248 111 248 248S393 504 256 504 8 393 8 256 119 8 256 8zM140 300h116v70.9c0 10.7 13 16.1 20.5 8.5l114.3-114.9c4.7-4.7 4.7-12.2 0-16.9l-114.3-115c-7.6-7.6-20.5-2.2-20.5 8.5V212H140c-6.6 0-12 5.4-12 12v64c0 6.6 5.4 12 12 12z\"><\/path><\/svg>\t\t\t<\/span>\n\t\t\t\t\t\t\t\t\t<span class=\"elementor-button-text\">QUERO SER UM APOIADOR!<\/span>\n\t\t\t\t\t<\/span>\n\t\t\t\t\t<\/a>\n\t\t\t\t\t\t\t\t<\/div>\n\t\t\t\t<div class=\"elementor-element elementor-element-3f623b1 elementor-widget elementor-widget-text-editor\" data-id=\"3f623b1\" data-element_type=\"widget\" data-widget_type=\"text-editor.default\">\n\t\t\t\t\t\t\t\t\t<p>Mais do que representar a odontologia, queremos construir um conselho que olhe para o dentista, suas lutas e conquistas.<\/p>\t\t\t\t\t\t\t\t<\/div>\n\t\t\t\t<\/div>\n\t\t\t\t<\/div>\n\t\t<div class=\"elementor-element elementor-element-a992882 elementor-hidden-tablet elementor-hidden-mobile e-flex e-con-boxed e-con e-parent\" data-id=\"a992882\" data-element_type=\"container\" id=\"conhe\u00e7a\">\n\t\t\t\t\t<div class=\"e-con-inner\">\n\t\t\t\t<div class=\"elementor-element elementor-element-9b3076c elementor-widget elementor-widget-image\" data-id=\"9b3076c\" data-element_type=\"widget\" data-widget_type=\"image.default\">\n\t\t\t\t\t\t\t\t\t\t\t\t\t\t\t<img decoding=\"async\" width=\"1492\" height=\"676\" src=\"https:\/\/renovacaoetrabalho.com.br\/wp-content\/uploads\/2025\/09\/Conheca-1.png\" class=\"attachment-full size-full wp-image-53\" alt=\"\" srcset=\"https:\/\/renovacaoetrabalho.com.br\/wp-content\/uploads\/2025\/09\/Conheca-1.png 1492w, https:\/\/renovacaoetrabalho.com.br\/wp-content\/uploads\/2025\/09\/Conheca-1-300x136.png 300w, https:\/\/renovacaoetrabalho.com.br\/wp-content\/uploads\/2025\/09\/Conheca-1-1024x464.png 1024w, https:\/\/renovacaoetrabalho.com.br\/wp-content\/uploads\/2025\/09\/Conheca-1-768x348.png 768w\" sizes=\"(max-width: 1492px) 100vw, 1492px\" \/>\t\t\t\t\t\t\t\t\t\t\t\t\t\t\t<\/div>\n\t\t\t\t\t<\/div>\n\t\t\t\t<\/div>\n\t\t<div class=\"elementor-element elementor-element-3b4c15e elementor-hidden-desktop e-flex e-con-boxed e-con e-parent\" data-id=\"3b4c15e\" data-element_type=\"container\">\n\t\t\t\t\t<div class=\"e-con-inner\">\n\t\t\t\t<div class=\"elementor-element elementor-element-25857af elementor-widget elementor-widget-image\" data-id=\"25857af\" data-element_type=\"widget\" data-widget_type=\"image.default\">\n\t\t\t\t\t\t\t\t\t\t\t\t\t\t\t<img decoding=\"async\" width=\"817\" height=\"1009\" src=\"https:\/\/renovacaoetrabalho.com.br\/wp-content\/uploads\/2025\/09\/Conheca2.png\" class=\"attachment-full size-full wp-image-145\" alt=\"\" srcset=\"https:\/\/renovacaoetrabalho.com.br\/wp-content\/uploads\/2025\/09\/Conheca2.png 817w, https:\/\/renovacaoetrabalho.com.br\/wp-content\/uploads\/2025\/09\/Conheca2-243x300.png 243w, https:\/\/renovacaoetrabalho.com.br\/wp-content\/uploads\/2025\/09\/Conheca2-768x948.png 768w\" sizes=\"(max-width: 817px) 100vw, 817px\" \/>\t\t\t\t\t\t\t\t\t\t\t\t\t\t\t<\/div>\n\t\t\t\t\t<\/div>\n\t\t\t\t<\/div>\n\t\t<div class=\"elementor-element elementor-element-dba78f9 e-flex e-con-boxed e-con e-parent\" data-id=\"dba78f9\" data-element_type=\"container\" data-settings=\"{&quot;background_background&quot;:&quot;classic&quot;}\">\n\t\t\t\t\t<div class=\"e-con-inner\">\n\t\t\t\t<div class=\"elementor-element elementor-element-7dd788f elementor-widget elementor-widget-image\" data-id=\"7dd788f\" data-element_type=\"widget\" data-widget_type=\"image.default\">\n\t\t\t\t\t\t\t\t\t\t\t\t\t\t\t<img loading=\"lazy\" decoding=\"async\" width=\"1600\" height=\"207\" src=\"https:\/\/renovacaoetrabalho.com.br\/wp-content\/uploads\/2025\/09\/Estamos-presentes.png\" class=\"attachment-full size-full wp-image-54\" alt=\"\" srcset=\"https:\/\/renovacaoetrabalho.com.br\/wp-content\/uploads\/2025\/09\/Estamos-presentes.png 1600w, https:\/\/renovacaoetrabalho.com.br\/wp-content\/uploads\/2025\/09\/Estamos-presentes-300x39.png 300w, https:\/\/renovacaoetrabalho.com.br\/wp-content\/uploads\/2025\/09\/Estamos-presentes-1024x132.png 1024w, https:\/\/renovacaoetrabalho.com.br\/wp-content\/uploads\/2025\/09\/Estamos-presentes-768x99.png 768w, https:\/\/renovacaoetrabalho.com.br\/wp-content\/uploads\/2025\/09\/Estamos-presentes-1536x199.png 1536w\" sizes=\"(max-width: 1600px) 100vw, 1600px\" \/>\t\t\t\t\t\t\t\t\t\t\t\t\t\t\t<\/div>\n\t\t\t\t\t<\/div>\n\t\t\t\t<\/div>\n\t\t<div class=\"elementor-element elementor-element-e89179f e-flex e-con-boxed e-con e-parent\" data-id=\"e89179f\" data-element_type=\"container\" data-settings=\"{&quot;background_background&quot;:&quot;classic&quot;}\">\n\t\t\t\t\t<div class=\"e-con-inner\">\n\t\t\t\t<div class=\"elementor-element elementor-element-08a279f elementor-pagination-position-inside elementor-arrows-position-inside elementor-widget elementor-widget-image-carousel\" data-id=\"08a279f\" data-element_type=\"widget\" data-settings=\"{&quot;slides_to_show&quot;:&quot;3&quot;,&quot;slides_to_scroll&quot;:&quot;1&quot;,&quot;navigation&quot;:&quot;both&quot;,&quot;autoplay&quot;:&quot;yes&quot;,&quot;pause_on_hover&quot;:&quot;yes&quot;,&quot;pause_on_interaction&quot;:&quot;yes&quot;,&quot;autoplay_speed&quot;:5000,&quot;infinite&quot;:&quot;yes&quot;,&quot;speed&quot;:500}\" data-widget_type=\"image-carousel.default\">\n\t\t\t\t\t\t\t<div class=\"elementor-image-carousel-wrapper swiper\" role=\"region\" aria-roledescription=\"carousel\" aria-label=\"Carrossel de imagens\" dir=\"ltr\">\n\t\t\t<div class=\"elementor-image-carousel swiper-wrapper\" aria-live=\"off\">\n\t\t\t\t\t\t\t\t<div class=\"swiper-slide\" role=\"group\" aria-roledescription=\"slide\" aria-label=\"1 de 9\"><figure class=\"swiper-slide-inner\"><img decoding=\"async\" class=\"swiper-slide-image\" src=\"https:\/\/renovacaoetrabalho.com.br\/wp-content\/uploads\/2025\/09\/Conheca-nossa-chapa_02-1-scaled-e1757911004438.png\" alt=\"Conhe\u00e7a-nossa-chapa_02 (1)\" \/><\/figure><\/div><div class=\"swiper-slide\" role=\"group\" aria-roledescription=\"slide\" aria-label=\"2 de 9\"><figure class=\"swiper-slide-inner\"><img decoding=\"async\" class=\"swiper-slide-image\" src=\"https:\/\/renovacaoetrabalho.com.br\/wp-content\/uploads\/2025\/09\/Conheca-nossa-chapa_03-1-scaled.png\" alt=\"Conhe\u00e7a-nossa-chapa_03 (1)\" \/><\/figure><\/div><div class=\"swiper-slide\" role=\"group\" aria-roledescription=\"slide\" aria-label=\"3 de 9\"><figure class=\"swiper-slide-inner\"><img decoding=\"async\" class=\"swiper-slide-image\" src=\"https:\/\/renovacaoetrabalho.com.br\/wp-content\/uploads\/2025\/09\/Conheca-nossa-chapa_04-1-scaled-e1757910950950.png\" alt=\"Conhe\u00e7a-nossa-chapa_04 (1)\" \/><\/figure><\/div><div class=\"swiper-slide\" role=\"group\" aria-roledescription=\"slide\" aria-label=\"4 de 9\"><figure class=\"swiper-slide-inner\"><img decoding=\"async\" class=\"swiper-slide-image\" src=\"https:\/\/renovacaoetrabalho.com.br\/wp-content\/uploads\/2025\/09\/Conheca-nossa-chapa_05-1-scaled.png\" alt=\"Conhe\u00e7a-nossa-chapa_05 (1)\" \/><\/figure><\/div><div class=\"swiper-slide\" role=\"group\" aria-roledescription=\"slide\" aria-label=\"5 de 9\"><figure class=\"swiper-slide-inner\"><img decoding=\"async\" class=\"swiper-slide-image\" src=\"https:\/\/renovacaoetrabalho.com.br\/wp-content\/uploads\/2025\/09\/Conheca-nossa-chapa_07-1-scaled.png\" alt=\"Conhe\u00e7a-nossa-chapa_07 (1)\" \/><\/figure><\/div><div class=\"swiper-slide\" role=\"group\" aria-roledescription=\"slide\" aria-label=\"6 de 9\"><figure class=\"swiper-slide-inner\"><img decoding=\"async\" class=\"swiper-slide-image\" src=\"https:\/\/renovacaoetrabalho.com.br\/wp-content\/uploads\/2025\/09\/Conheca-nossa-chapa_09-1-scaled.png\" alt=\"Conhe\u00e7a-nossa-chapa_09 (1)\" \/><\/figure><\/div><div class=\"swiper-slide\" role=\"group\" aria-roledescription=\"slide\" aria-label=\"7 de 9\"><figure class=\"swiper-slide-inner\"><img decoding=\"async\" class=\"swiper-slide-image\" src=\"https:\/\/renovacaoetrabalho.com.br\/wp-content\/uploads\/2025\/09\/Conheca-nossa-chapa_10-1-scaled.png\" alt=\"Conhe\u00e7a-nossa-chapa_10 (1)\" \/><\/figure><\/div><div class=\"swiper-slide\" role=\"group\" aria-roledescription=\"slide\" aria-label=\"8 de 9\"><figure class=\"swiper-slide-inner\"><img decoding=\"async\" class=\"swiper-slide-image\" src=\"https:\/\/renovacaoetrabalho.com.br\/wp-content\/uploads\/2025\/09\/Conheca-nossa-chapa_11-1-scaled.png\" alt=\"Conhe\u00e7a-nossa-chapa_11 (1)\" \/><\/figure><\/div><div class=\"swiper-slide\" role=\"group\" aria-roledescription=\"slide\" aria-label=\"9 de 9\"><figure class=\"swiper-slide-inner\"><img decoding=\"async\" class=\"swiper-slide-image\" src=\"https:\/\/renovacaoetrabalho.com.br\/wp-content\/uploads\/2025\/09\/Conheca-nossa-chapa_12-1-scaled.png\" alt=\"Conhe\u00e7a-nossa-chapa_12 (1)\" \/><\/figure><\/div>\t\t\t<\/div>\n\t\t\t\t\t\t\t\t\t\t\t\t<div class=\"elementor-swiper-button elementor-swiper-button-prev\" role=\"button\" tabindex=\"0\">\n\t\t\t\t\t\t<svg aria-hidden=\"true\" class=\"e-font-icon-svg e-eicon-chevron-left\" viewBox=\"0 0 1000 1000\" xmlns=\"http:\/\/www.w3.org\/2000\/svg\"><path d=\"M646 125C629 125 613 133 604 142L308 442C296 454 292 471 292 487 292 504 296 521 308 533L604 854C617 867 629 875 646 875 663 875 679 871 692 858 704 846 713 829 713 812 713 796 708 779 692 767L438 487 692 225C700 217 708 204 708 187 708 171 704 154 692 142 675 129 663 125 646 125Z\"><\/path><\/svg>\t\t\t\t\t<\/div>\n\t\t\t\t\t<div class=\"elementor-swiper-button elementor-swiper-button-next\" role=\"button\" tabindex=\"0\">\n\t\t\t\t\t\t<svg aria-hidden=\"true\" class=\"e-font-icon-svg e-eicon-chevron-right\" viewBox=\"0 0 1000 1000\" xmlns=\"http:\/\/www.w3.org\/2000\/svg\"><path d=\"M696 533C708 521 713 504 713 487 713 471 708 454 696 446L400 146C388 133 375 125 354 125 338 125 325 129 313 142 300 154 292 171 292 187 292 204 296 221 308 233L563 492 304 771C292 783 288 800 288 817 288 833 296 850 308 863 321 871 338 875 354 875 371 875 388 867 400 854L696 533Z\"><\/path><\/svg>\t\t\t\t\t<\/div>\n\t\t\t\t\n\t\t\t\t\t\t\t\t\t<div class=\"swiper-pagination\"><\/div>\n\t\t\t\t\t\t\t\t\t<\/div>\n\t\t\t\t\t\t<\/div>\n\t\t<div class=\"elementor-element elementor-element-7b45cc1 e-con-full e-flex e-con e-child\" data-id=\"7b45cc1\" data-element_type=\"container\">\n\t\t\t\t<div class=\"elementor-element elementor-element-820975f elementor-widget elementor-widget-image\" data-id=\"820975f\" data-element_type=\"widget\" data-widget_type=\"image.default\">\n\t\t\t\t\t\t\t\t\t\t\t\t\t\t\t<img loading=\"lazy\" decoding=\"async\" width=\"1600\" height=\"323\" src=\"https:\/\/renovacaoetrabalho.com.br\/wp-content\/uploads\/2025\/09\/NOSSAS-PROPOSTAS.png\" class=\"attachment-full size-full wp-image-63\" alt=\"\" srcset=\"https:\/\/renovacaoetrabalho.com.br\/wp-content\/uploads\/2025\/09\/NOSSAS-PROPOSTAS.png 1600w, https:\/\/renovacaoetrabalho.com.br\/wp-content\/uploads\/2025\/09\/NOSSAS-PROPOSTAS-300x61.png 300w, https:\/\/renovacaoetrabalho.com.br\/wp-content\/uploads\/2025\/09\/NOSSAS-PROPOSTAS-1024x207.png 1024w, https:\/\/renovacaoetrabalho.com.br\/wp-content\/uploads\/2025\/09\/NOSSAS-PROPOSTAS-768x155.png 768w, https:\/\/renovacaoetrabalho.com.br\/wp-content\/uploads\/2025\/09\/NOSSAS-PROPOSTAS-1536x310.png 1536w\" sizes=\"(max-width: 1600px) 100vw, 1600px\" \/>\t\t\t\t\t\t\t\t\t\t\t\t\t\t\t<\/div>\n\t\t\t\t<\/div>\n\t\t\t\t\t<\/div>\n\t\t\t\t<\/div>\n\t\t<div class=\"elementor-element elementor-element-b91ac9e e-flex e-con-boxed e-con e-parent\" data-id=\"b91ac9e\" data-element_type=\"container\" id=\"propostas\">\n\t\t\t\t\t<div class=\"e-con-inner\">\n\t\t<div class=\"elementor-element elementor-element-51a5465 e-con-full e-flex e-con e-child\" data-id=\"51a5465\" data-element_type=\"container\">\n\t\t\t\t<div class=\"elementor-element elementor-element-33cb156 elementor-widget elementor-widget-heading\" data-id=\"33cb156\" data-element_type=\"widget\" data-widget_type=\"heading.default\">\n\t\t\t\t\t<h2 class=\"elementor-heading-title elementor-size-default\">Educa\u00e7\u00e3o<\/h2>\t\t\t\t<\/div>\n\t\t\t\t<div class=\"elementor-element elementor-element-80f5fc5 elementor-widget elementor-widget-text-editor\" data-id=\"80f5fc5\" data-element_type=\"widget\" data-widget_type=\"text-editor.default\">\n\t\t\t\t\t\t\t\t\t<ul><li data-start=\"158\" data-end=\"390\">Combater a abertura sem controle de novas faculdades.<\/li><li data-start=\"158\" data-end=\"390\">Manter a proibi\u00e7\u00e3o do ensino a dist\u00e2ncia em Odontologia.<\/li><li>Fazer o CRO-MG participar de perto da fiscaliza\u00e7\u00e3o do ensino.<\/li><li>Reestruturar o <strong data-start=\"349\" data-end=\"362\">CRO Jovem<\/strong>, apoiando o rec\u00e9m-formado.<\/li><\/ul>\t\t\t\t\t\t\t\t<\/div>\n\t\t\t\t<\/div>\n\t\t<div class=\"elementor-element elementor-element-622a470 e-con-full e-flex e-con e-child\" data-id=\"622a470\" data-element_type=\"container\">\n\t\t<div class=\"elementor-element elementor-element-eea8c90 e-con-full e-flex e-con e-child\" data-id=\"eea8c90\" data-element_type=\"container\">\n\t\t\t\t<div class=\"elementor-element elementor-element-98a5aa0 elementor-widget elementor-widget-heading\" data-id=\"98a5aa0\" data-element_type=\"widget\" data-widget_type=\"heading.default\">\n\t\t\t\t\t<h2 class=\"elementor-heading-title elementor-size-default\">Rela\u00e7\u00f5es de Trabalho<\/h2>\t\t\t\t<\/div>\n\t\t\t\t<div class=\"elementor-element elementor-element-4e78c47 elementor-widget elementor-widget-text-editor\" data-id=\"4e78c47\" data-element_type=\"widget\" data-widget_type=\"text-editor.default\">\n\t\t\t\t\t\t\t\t\t<ul><li data-start=\"158\" data-end=\"390\">Garantir o cumprimento do <strong data-start=\"452\" data-end=\"469\">piso salarial.<\/strong><\/li><li data-start=\"158\" data-end=\"390\">Apoiar a atualiza\u00e7\u00e3o do piso no Congresso.<\/li><li data-start=\"158\" data-end=\"390\">Lutar contra sal\u00e1rios baixos em cl\u00ednicas e prefeituras.<\/li><\/ul>\t\t\t\t\t\t\t\t<\/div>\n\t\t\t\t<\/div>\n\t\t\t\t<\/div>\n\t\t\t\t\t<\/div>\n\t\t\t\t<\/div>\n\t\t<div class=\"elementor-element elementor-element-979f15f e-flex e-con-boxed e-con e-parent\" data-id=\"979f15f\" data-element_type=\"container\">\n\t\t\t\t\t<div class=\"e-con-inner\">\n\t\t<div class=\"elementor-element elementor-element-ddd1092 e-con-full e-flex e-con e-child\" data-id=\"ddd1092\" data-element_type=\"container\">\n\t\t\t\t<div class=\"elementor-element elementor-element-d0647d3 elementor-widget elementor-widget-heading\" data-id=\"d0647d3\" data-element_type=\"widget\" data-widget_type=\"heading.default\">\n\t\t\t\t\t<h2 class=\"elementor-heading-title elementor-size-default\">Gest\u00e3o<\/h2>\t\t\t\t<\/div>\n\t\t\t\t<div class=\"elementor-element elementor-element-1c8a6e2 elementor-widget elementor-widget-text-editor\" data-id=\"1c8a6e2\" data-element_type=\"widget\" data-widget_type=\"text-editor.default\">\n\t\t\t\t\t\t\t\t\t<ul><li data-start=\"158\" data-end=\"390\">Criar metas de trabalho para organizar melhor as equipes.<\/li><li data-start=\"158\" data-end=\"390\">Reativar as <strong data-start=\"665\" data-end=\"685\">c\u00e2maras t\u00e9cnicas.<\/strong><\/li><li data-start=\"158\" data-end=\"390\">Dar mais rapidez na emiss\u00e3o de documentos.<\/li><li data-start=\"158\" data-end=\"390\">Melhorar a estrutura de atendimento do CRO-MG.<\/li><\/ul>\t\t\t\t\t\t\t\t<\/div>\n\t\t\t\t<\/div>\n\t\t<div class=\"elementor-element elementor-element-5b3503c e-con-full e-flex e-con e-child\" data-id=\"5b3503c\" data-element_type=\"container\">\n\t\t\t\t<div class=\"elementor-element elementor-element-d936fb6 elementor-widget elementor-widget-heading\" data-id=\"d936fb6\" data-element_type=\"widget\" data-widget_type=\"heading.default\">\n\t\t\t\t\t<h2 class=\"elementor-heading-title elementor-size-default\">Fiscaliza\u00e7\u00e3o<\/h2>\t\t\t\t<\/div>\n\t\t\t\t<div class=\"elementor-element elementor-element-5e2f35b elementor-widget elementor-widget-text-editor\" data-id=\"5e2f35b\" data-element_type=\"widget\" data-widget_type=\"text-editor.default\">\n\t\t\t\t\t\t\t\t\t<ul>\n<li data-start=\"158\" data-end=\"390\">Tornar o CRO mais presente no combate ao exerc\u00edcio ilegal da profiss\u00e3o.<\/li>\n<li data-start=\"158\" data-end=\"390\">Treinar melhor a equipe para ajudar em temas de sa\u00fade p\u00fablica.<\/li>\n<li data-start=\"158\" data-end=\"390\">Criar o <strong data-start=\"1178\" data-end=\"1194\">CRO Defensor<\/strong>: apoio jur\u00eddico contra conv\u00eanios abusivos.<\/li>\n<li data-start=\"158\" data-end=\"390\">Oferecer ferramentas de valoriza\u00e7\u00e3o: <strong data-start=\"1297\" data-end=\"1318\">Selo de Qualidade<\/strong> e <strong data-start=\"1321\" data-end=\"1353\">Calculadora de Pre\u00e7os Justos.<\/strong><\/li>\n<\/ul>\t\t\t\t\t\t\t\t<\/div>\n\t\t\t\t<\/div>\n\t\t\t\t\t<\/div>\n\t\t\t\t<\/div>\n\t\t<div class=\"elementor-element elementor-element-181d288 e-flex e-con-boxed e-con e-parent\" data-id=\"181d288\" data-element_type=\"container\">\n\t\t\t\t\t<div class=\"e-con-inner\">\n\t\t<div class=\"elementor-element elementor-element-86c9dfa e-con-full e-flex e-con e-child\" data-id=\"86c9dfa\" data-element_type=\"container\">\n\t\t\t\t<div class=\"elementor-element elementor-element-2af5596 elementor-widget elementor-widget-heading\" data-id=\"2af5596\" data-element_type=\"widget\" data-widget_type=\"heading.default\">\n\t\t\t\t\t<h2 class=\"elementor-heading-title elementor-size-default\">Fortalecimento das Entidades<\/h2>\t\t\t\t<\/div>\n\t\t\t\t<div class=\"elementor-element elementor-element-d756b37 elementor-widget elementor-widget-text-editor\" data-id=\"d756b37\" data-element_type=\"widget\" data-widget_type=\"text-editor.default\">\n\t\t\t\t\t\t\t\t\t<ul><li data-start=\"158\" data-end=\"390\">Aproximar o CRO das <strong data-start=\"1419\" data-end=\"1453\">ABOs, sindicatos e associa\u00e7\u00f5es.<\/strong><\/li><li data-start=\"158\" data-end=\"390\">Apoiar congressos e lutas da classe.<\/li><li data-start=\"158\" data-end=\"390\">Reconstruir entidades prejudicadas por gest\u00f5es anteriores.<\/li><\/ul>\t\t\t\t\t\t\t\t<\/div>\n\t\t\t\t<\/div>\n\t\t<div class=\"elementor-element elementor-element-1345c82 e-con-full e-flex e-con e-child\" data-id=\"1345c82\" data-element_type=\"container\">\n\t\t\t\t<div class=\"elementor-element elementor-element-feffdb8 elementor-widget elementor-widget-heading\" data-id=\"feffdb8\" data-element_type=\"widget\" data-widget_type=\"heading.default\">\n\t\t\t\t\t<h2 class=\"elementor-heading-title elementor-size-default\">Representatividade e  A\u00e7\u00e3o Pol\u00edtica<\/h2>\t\t\t\t<\/div>\n\t\t\t\t<div class=\"elementor-element elementor-element-75486bf elementor-widget elementor-widget-text-editor\" data-id=\"75486bf\" data-element_type=\"widget\" data-widget_type=\"text-editor.default\">\n\t\t\t\t\t\t\t\t\t<ul><li data-start=\"158\" data-end=\"390\">Incentivar dentistas a ocupar cargos p\u00fablicos.<\/li><li data-start=\"158\" data-end=\"390\">Criar uma <strong data-start=\"887\" data-end=\"911\">Comiss\u00e3o Parlamentar<\/strong> para defender a Odontologia.<\/li><li data-start=\"158\" data-end=\"390\">Refor\u00e7ar a atua\u00e7\u00e3o pol\u00edtica do CRO-MG junto a \u00f3rg\u00e3os p\u00fablicos.<\/li><\/ul>\t\t\t\t\t\t\t\t<\/div>\n\t\t\t\t<\/div>\n\t\t\t\t\t<\/div>\n\t\t\t\t<\/div>\n\t\t<div class=\"elementor-element elementor-element-84a6816 e-flex e-con-boxed e-con e-parent\" data-id=\"84a6816\" data-element_type=\"container\">\n\t\t\t\t\t<div class=\"e-con-inner\">\n\t\t\t\t<div class=\"elementor-element elementor-element-ba07173 elementor-align-center elementor-widget elementor-widget-button\" data-id=\"ba07173\" data-element_type=\"widget\" data-widget_type=\"button.default\">\n\t\t\t\t\t\t\t\t\t\t<a class=\"elementor-button elementor-button-link elementor-size-sm elementor-animation-grow\" href=\"https:\/\/chat.whatsapp.com\/HOJ2tlEolw44e9JvrLCtgO\" target=\"_blank\">\n\t\t\t\t\t\t<span class=\"elementor-button-content-wrapper\">\n\t\t\t\t\t\t<span class=\"elementor-button-icon\">\n\t\t\t\t<svg aria-hidden=\"true\" class=\"e-font-icon-svg e-fas-arrow-alt-circle-right\" viewBox=\"0 0 512 512\" xmlns=\"http:\/\/www.w3.org\/2000\/svg\"><path d=\"M256 8c137 0 248 111 248 248S393 504 256 504 8 393 8 256 119 8 256 8zM140 300h116v70.9c0 10.7 13 16.1 20.5 8.5l114.3-114.9c4.7-4.7 4.7-12.2 0-16.9l-114.3-115c-7.6-7.6-20.5-2.2-20.5 8.5V212H140c-6.6 0-12 5.4-12 12v64c0 6.6 5.4 12 12 12z\"><\/path><\/svg>\t\t\t<\/span>\n\t\t\t\t\t\t\t\t\t<span class=\"elementor-button-text\">QUERO SER UM APOIADOR!<\/span>\n\t\t\t\t\t<\/span>\n\t\t\t\t\t<\/a>\n\t\t\t\t\t\t\t\t<\/div>\n\t\t\t\t\t<\/div>\n\t\t\t\t<\/div>\n\t\t\t\t<\/div>\n\t\t","protected":false},"excerpt":{"rendered":"<p>CONHE\u00c7A NOSSA CHAPA NOSSAS PROPOSTAS SER UM APOIADOR QUERO SER UM APOIADOR! Mais do que representar a odontologia, queremos construir um conselho que olhe para o dentista, suas lutas e conquistas. Educa\u00e7\u00e3o Combater a abertura sem controle de novas faculdades. Manter a proibi\u00e7\u00e3o do ensino a dist\u00e2ncia em Odontologia. Fazer o CRO-MG participar de perto [&hellip;]<\/p>\n","protected":false},"author":1,"featured_media":0,"parent":0,"menu_order":0,"comment_status":"closed","ping_status":"closed","template":"elementor_canvas","meta":{"footnotes":""},"class_list":["post-5","page","type-page","status-publish","hentry"],"_links":{"self":[{"href":"https:\/\/renovacaoetrabalho.com.br\/index.php?rest_route=\/wp\/v2\/pages\/5","targetHints":{"allow":["GET"]}}],"collection":[{"href":"https:\/\/renovacaoetrabalho.com.br\/index.php?rest_route=\/wp\/v2\/pages"}],"about":[{"href":"https:\/\/renovacaoetrabalho.com.br\/index.php?rest_route=\/wp\/v2\/types\/page"}],"author":[{"embeddable":true,"href":"https:\/\/renovacaoetrabalho.com.br\/index.php?rest_route=\/wp\/v2\/users\/1"}],"replies":[{"embeddable":true,"href":"https:\/\/renovacaoetrabalho.com.br\/index.php?rest_route=%2Fwp%2Fv2%2Fcomments&post=5"}],"version-history":[{"count":76,"href":"https:\/\/renovacaoetrabalho.com.br\/index.php?rest_route=\/wp\/v2\/pages\/5\/revisions"}],"predecessor-version":[{"id":151,"href":"https:\/\/renovacaoetrabalho.com.br\/index.php?rest_route=\/wp\/v2\/pages\/5\/revisions\/151"}],"wp:attachment":[{"href":"https:\/\/renovacaoetrabalho.com.br\/index.php?rest_route=%2Fwp%2Fv2%2Fmedia&parent=5"}],"curies":[{"name":"wp","href":"https:\/\/api.w.org\/{rel}","templated":true}]}}